{"id":289,"date":"2022-04-20T10:34:23","date_gmt":"2022-04-20T08:34:23","guid":{"rendered":"https:\/\/www.eventturm.ch\/?page_id=289"},"modified":"2022-09-30T08:57:39","modified_gmt":"2022-09-30T06:57:39","slug":"rahel","status":"publish","type":"page","link":"https:\/\/www.eventturm.ch\/?page_id=289","title":{"rendered":"Rahel"},"content":{"rendered":"<p><img width=\"453\" height=\"696\" src=\"https:\/\/www.eventturm.ch\/wp-content\/uploads\/2022\/04\/eventturm_logo.svg\" alt=\"\" loading=\"lazy\" \/>\t\t\t\t\t\t\t\t\t\t\t\t\t\t\t<\/p>\n<ul>\n<li><a href=\"\/anna-hugo\/\">3.OG Brauist\u00fcbli<\/a><\/li>\n<li><a href=\"\/rahel\/\">2.OG Kleinkulturraum<\/a><\/li>\n<li><a href=\"\/rolf\/\">1.OG Suudhus<\/a><\/li>\n<\/ul>\n<p>\t\t\t\t\t\t\t<svg aria-hidden=\"true\"><use xlink:href=\"#eicon-chevron-left\" \/><\/svg>\t\t\t\t\t\t\tVoriger<br \/>\n\t\t\t\t\t\t\t<svg aria-hidden=\"true\"><use xlink:href=\"#eicon-chevron-right\" \/><\/svg>\t\t\t\t\t\t\tN\u00e4chster<\/p>\n<h1>Rahel plant im Kulturraum! <\/h1>\n<p><em>Um in Erfahrung zu bringen, wieso unsere Location gew\u00e4hlt wurde, haben wir kurz bei der Organisatorin nachgefasst.<\/em><\/p>\n<p>\u00abIch war k\u00fcrzlich an einem Anlass im Kulturzentrum Braui in Hochdorf und bin auf diese multifunktionelle Location aufmerksam geworden. Als Eventmanagerin gehe ich stets mit einem wachen Auge durch das Leben und notiere mir Austragungsorte, die mir gefallen. F\u00fcr einen Teamevent suchte ich neulich einen modernen, gut eingerichteten Raum f\u00fcr ca. 80 Personen. Der mond\u00e4ne Kulturraum im eventturm passte hervorragend in mein Konzept. Die kleine B\u00fchne konnte ich gut in das Unterhaltungsprogramm integrieren und an der Bar tauschten sich die G\u00e4ste rege aus.<\/p>\n<p>Apropos, die volleingerichtete Licht- und Beschallungsanlage durften wir ohne Mehrkosten ben\u00fctzen. Dieser Mehrwert hat sich nat\u00fcrlich positiv auf das Budget ausgewirkt. Auf Wunsch organisieren sie dir sogar ein auf die Feier zugeschnittenes Unterhaltungsprogramm. Im eventturm bist du gut aufgehoben.\u00bb<\/p>\n<p><em>Rahel aus Rotkreuz<\/em><\/p>\n<h2>Platzverh\u00e4ltnisse in diesem Raum<\/h2>\n<table>\n<tr>\n<th>Gr\u00f6sse in &#13217;<\/th>\n<td>200 &#13217;<\/td>\n<\/tr>\n<tr>\n<th>Sitzpl\u00e4tze<\/th>\n<td>70 \u2013 90<\/td>\n<\/tr>\n<tr>\n<th>Stehpl\u00e4tze<\/th>\n<td>100<\/td>\n<\/tr>\n<\/table>\n<p>\t\t\t\t\t\t\t\t\t\t\t\t\t\t\t<img width=\"293\" height=\"102\" src=\"https:\/\/www.eventturm.ch\/wp-content\/uploads\/2022\/04\/und_du.svg\" alt=\"\" loading=\"lazy\" \/><br \/>\n\t\t\t\t\t\t\t\t\t\t\t\t\t\t\t<img width=\"1024\" height=\"683\" src=\"https:\/\/www.eventturm.ch\/wp-content\/uploads\/2022\/09\/kulturzentrum-braui-kleinkulturraum-1024x683.jpg\" alt=\"\" loading=\"lazy\" srcset=\"https:\/\/www.eventturm.ch\/wp-content\/uploads\/2022\/09\/kulturzentrum-braui-kleinkulturraum-1024x683.jpg 1024w, https:\/\/www.eventturm.ch\/wp-content\/uploads\/2022\/09\/kulturzentrum-braui-kleinkulturraum-300x200.jpg 300w, https:\/\/www.eventturm.ch\/wp-content\/uploads\/2022\/09\/kulturzentrum-braui-kleinkulturraum-768x512.jpg 768w, https:\/\/www.eventturm.ch\/wp-content\/uploads\/2022\/09\/kulturzentrum-braui-kleinkulturraum.jpg 1200w\" sizes=\"(max-width: 1024px) 100vw, 1024px\" \/><br \/>\n\t\t\t\t\t\t\t<a href=\"https:\/\/www.eventturm.ch\/wp-content\/uploads\/2022\/07\/brauistoebli_sudhuusbar_16-1.jpg\" data-elementor-open-lightbox=\"yes\" data-elementor-lightbox-slideshow=\"all-1e944d4\" data-elementor-lightbox-title=\"brauistoebli_sudhuusbar_16\" e-action-hash=\"#elementor-action%3Aaction%3Dlightbox%26settings%3DeyJpZCI6Njc1LCJ1cmwiOiJodHRwczpcL1wvd3d3LmV2ZW50dHVybS5jaFwvd3AtY29udGVudFwvdXBsb2Fkc1wvMjAyMlwvMDdcL2JyYXVpc3RvZWJsaV9zdWRodXVzYmFyXzE2LTEuanBnIiwic2xpZGVzaG93IjoiYWxsLTFlOTQ0ZDQifQ%3D%3D\"><br \/>\n\t\t\t\t\t\t\t\t\t\t\t\t\t\t<\/a><br \/>\n\t\t\t\t\t\t\t<a href=\"https:\/\/www.eventturm.ch\/wp-content\/uploads\/2022\/07\/brauistoebli_sudhuusbar_14-1.jpg\" data-elementor-open-lightbox=\"yes\" data-elementor-lightbox-slideshow=\"all-1e944d4\" data-elementor-lightbox-title=\"brauistoebli_sudhuusbar_14\" e-action-hash=\"#elementor-action%3Aaction%3Dlightbox%26settings%3DeyJpZCI6NjczLCJ1cmwiOiJodHRwczpcL1wvd3d3LmV2ZW50dHVybS5jaFwvd3AtY29udGVudFwvdXBsb2Fkc1wvMjAyMlwvMDdcL2JyYXVpc3RvZWJsaV9zdWRodXVzYmFyXzE0LTEuanBnIiwic2xpZGVzaG93IjoiYWxsLTFlOTQ0ZDQifQ%3D%3D\"><br \/>\n\t\t\t\t\t\t\t\t\t\t\t\t\t\t<\/a><br \/>\n\t\t\t\t\t\t\t<a href=\"https:\/\/www.eventturm.ch\/wp-content\/uploads\/2022\/07\/brauistoebli_sudhuusbar_10-1.jpg\" data-elementor-open-lightbox=\"yes\" data-elementor-lightbox-slideshow=\"all-1e944d4\" data-elementor-lightbox-title=\"brauistoebli_sudhuusbar_10\" e-action-hash=\"#elementor-action%3Aaction%3Dlightbox%26settings%3DeyJpZCI6NjY5LCJ1cmwiOiJodHRwczpcL1wvd3d3LmV2ZW50dHVybS5jaFwvd3AtY29udGVudFwvdXBsb2Fkc1wvMjAyMlwvMDdcL2JyYXVpc3RvZWJsaV9zdWRodXVzYmFyXzEwLTEuanBnIiwic2xpZGVzaG93IjoiYWxsLTFlOTQ0ZDQifQ%3D%3D\"><br \/>\n\t\t\t\t\t\t\t\t\t\t\t\t\t\t<\/a><br \/>\n\t\t\t\t\t\t\t<a href=\"https:\/\/www.eventturm.ch\/wp-content\/uploads\/2022\/07\/brauistoebli_sudhuusbar_04-1.jpg\" data-elementor-open-lightbox=\"yes\" data-elementor-lightbox-slideshow=\"all-1e944d4\" data-elementor-lightbox-title=\"brauistoebli_sudhuusbar_04\" e-action-hash=\"#elementor-action%3Aaction%3Dlightbox%26settings%3DeyJpZCI6NjYzLCJ1cmwiOiJodHRwczpcL1wvd3d3LmV2ZW50dHVybS5jaFwvd3AtY29udGVudFwvdXBsb2Fkc1wvMjAyMlwvMDdcL2JyYXVpc3RvZWJsaV9zdWRodXVzYmFyXzA0LTEuanBnIiwic2xpZGVzaG93IjoiYWxsLTFlOTQ0ZDQifQ%3D%3D\"><br \/>\n\t\t\t\t\t\t\t\t\t\t\t\t\t\t<\/a><br \/>\n\t\t\t\t\t\t\t<a href=\"https:\/\/www.eventturm.ch\/wp-content\/uploads\/2022\/07\/brauistoebli_sudhuusbar_09-1.jpg\" data-elementor-open-lightbox=\"yes\" data-elementor-lightbox-slideshow=\"all-1e944d4\" data-elementor-lightbox-title=\"brauistoebli_sudhuusbar_09\" e-action-hash=\"#elementor-action%3Aaction%3Dlightbox%26settings%3DeyJpZCI6NjY4LCJ1cmwiOiJodHRwczpcL1wvd3d3LmV2ZW50dHVybS5jaFwvd3AtY29udGVudFwvdXBsb2Fkc1wvMjAyMlwvMDdcL2JyYXVpc3RvZWJsaV9zdWRodXVzYmFyXzA5LTEuanBnIiwic2xpZGVzaG93IjoiYWxsLTFlOTQ0ZDQifQ%3D%3D\"><br \/>\n\t\t\t\t\t\t\t\t\t\t\t\t\t\t<\/a><br \/>\n\t\t\t\t\t\t\t<a href=\"https:\/\/www.eventturm.ch\/wp-content\/uploads\/2022\/07\/brauistoebli_sudhuusbar_07-1.jpg\" data-elementor-open-lightbox=\"yes\" data-elementor-lightbox-slideshow=\"all-1e944d4\" data-elementor-lightbox-title=\"brauistoebli_sudhuusbar_07\" e-action-hash=\"#elementor-action%3Aaction%3Dlightbox%26settings%3DeyJpZCI6NjY2LCJ1cmwiOiJodHRwczpcL1wvd3d3LmV2ZW50dHVybS5jaFwvd3AtY29udGVudFwvdXBsb2Fkc1wvMjAyMlwvMDdcL2JyYXVpc3RvZWJsaV9zdWRodXVzYmFyXzA3LTEuanBnIiwic2xpZGVzaG93IjoiYWxsLTFlOTQ0ZDQifQ%3D%3D\"><br \/>\n\t\t\t\t\t\t\t\t\t\t\t\t\t\t<\/a><br \/>\n\t\t\t\t\t\t\t<a href=\"https:\/\/www.eventturm.ch\/wp-content\/uploads\/2022\/07\/brauistoebli_sudhuusbar_03-1.jpg\" data-elementor-open-lightbox=\"yes\" data-elementor-lightbox-slideshow=\"all-1e944d4\" data-elementor-lightbox-title=\"brauistoebli_sudhuusbar_03\" e-action-hash=\"#elementor-action%3Aaction%3Dlightbox%26settings%3DeyJpZCI6NjYyLCJ1cmwiOiJodHRwczpcL1wvd3d3LmV2ZW50dHVybS5jaFwvd3AtY29udGVudFwvdXBsb2Fkc1wvMjAyMlwvMDdcL2JyYXVpc3RvZWJsaV9zdWRodXVzYmFyXzAzLTEuanBnIiwic2xpZGVzaG93IjoiYWxsLTFlOTQ0ZDQifQ%3D%3D\"><br \/>\n\t\t\t\t\t\t\t\t\t\t\t\t\t\t<\/a><br \/>\n\t\t\t\t\t\t\t<a href=\"https:\/\/www.eventturm.ch\/wp-content\/uploads\/2022\/07\/brauistoebli_sudhuusbar_05-1.jpg\" data-elementor-open-lightbox=\"yes\" data-elementor-lightbox-slideshow=\"all-1e944d4\" data-elementor-lightbox-title=\"brauistoebli_sudhuusbar_05\" e-action-hash=\"#elementor-action%3Aaction%3Dlightbox%26settings%3DeyJpZCI6NjY0LCJ1cmwiOiJodHRwczpcL1wvd3d3LmV2ZW50dHVybS5jaFwvd3AtY29udGVudFwvdXBsb2Fkc1wvMjAyMlwvMDdcL2JyYXVpc3RvZWJsaV9zdWRodXVzYmFyXzA1LTEuanBnIiwic2xpZGVzaG93IjoiYWxsLTFlOTQ0ZDQifQ%3D%3D\"><br \/>\n\t\t\t\t\t\t\t\t\t\t\t\t\t\t<\/a><br \/>\n\t\t\t\t\t\t\t<a href=\"https:\/\/www.eventturm.ch\/wp-content\/uploads\/2022\/07\/brauistoebli_sudhuusbar_01-1.jpg\" data-elementor-open-lightbox=\"yes\" data-elementor-lightbox-slideshow=\"all-1e944d4\" data-elementor-lightbox-title=\"brauistoebli_sudhuusbar_01\" e-action-hash=\"#elementor-action%3Aaction%3Dlightbox%26settings%3DeyJpZCI6NjYwLCJ1cmwiOiJodHRwczpcL1wvd3d3LmV2ZW50dHVybS5jaFwvd3AtY29udGVudFwvdXBsb2Fkc1wvMjAyMlwvMDdcL2JyYXVpc3RvZWJsaV9zdWRodXVzYmFyXzAxLTEuanBnIiwic2xpZGVzaG93IjoiYWxsLTFlOTQ0ZDQifQ%3D%3D\"><br \/>\n\t\t\t\t\t\t\t\t\t\t\t\t\t\t<\/a><br \/>\n\t\t\t\t\t\t\t<a href=\"https:\/\/www.eventturm.ch\/wp-content\/uploads\/2022\/07\/brauistoebli_sudhuusbar_02-1.jpg\" data-elementor-open-lightbox=\"yes\" data-elementor-lightbox-slideshow=\"all-1e944d4\" data-elementor-lightbox-title=\"brauistoebli_sudhuusbar_02\" e-action-hash=\"#elementor-action%3Aaction%3Dlightbox%26settings%3DeyJpZCI6NjYxLCJ1cmwiOiJodHRwczpcL1wvd3d3LmV2ZW50dHVybS5jaFwvd3AtY29udGVudFwvdXBsb2Fkc1wvMjAyMlwvMDdcL2JyYXVpc3RvZWJsaV9zdWRodXVzYmFyXzAyLTEuanBnIiwic2xpZGVzaG93IjoiYWxsLTFlOTQ0ZDQifQ%3D%3D\"><br \/>\n\t\t\t\t\t\t\t\t\t\t\t\t\t\t<\/a><br \/>\n\t\t\t\t\t\t\t<a href=\"https:\/\/www.eventturm.ch\/wp-content\/uploads\/2022\/07\/brauistoebli_sudhuusbar_06-1.jpg\" data-elementor-open-lightbox=\"yes\" data-elementor-lightbox-slideshow=\"all-1e944d4\" data-elementor-lightbox-title=\"brauistoebli_sudhuusbar_06\" e-action-hash=\"#elementor-action%3Aaction%3Dlightbox%26settings%3DeyJpZCI6NjY1LCJ1cmwiOiJodHRwczpcL1wvd3d3LmV2ZW50dHVybS5jaFwvd3AtY29udGVudFwvdXBsb2Fkc1wvMjAyMlwvMDdcL2JyYXVpc3RvZWJsaV9zdWRodXVzYmFyXzA2LTEuanBnIiwic2xpZGVzaG93IjoiYWxsLTFlOTQ0ZDQifQ%3D%3D\"><br \/>\n\t\t\t\t\t\t\t\t\t\t\t\t\t\t<\/a><br \/>\n\t\t\t\t\t\t\t<a href=\"https:\/\/www.eventturm.ch\/wp-content\/uploads\/2022\/07\/brauistoebli_sudhuusbar_08-1.jpg\" data-elementor-open-lightbox=\"yes\" data-elementor-lightbox-slideshow=\"all-1e944d4\" data-elementor-lightbox-title=\"brauistoebli_sudhuusbar_08\" e-action-hash=\"#elementor-action%3Aaction%3Dlightbox%26settings%3DeyJpZCI6NjY3LCJ1cmwiOiJodHRwczpcL1wvd3d3LmV2ZW50dHVybS5jaFwvd3AtY29udGVudFwvdXBsb2Fkc1wvMjAyMlwvMDdcL2JyYXVpc3RvZWJsaV9zdWRodXVzYmFyXzA4LTEuanBnIiwic2xpZGVzaG93IjoiYWxsLTFlOTQ0ZDQifQ%3D%3D\"><br \/>\n\t\t\t\t\t\t\t\t\t\t\t\t\t\t<\/a><br \/>\n\t\t\t\t\t\t\t<a href=\"https:\/\/www.eventturm.ch\/wp-content\/uploads\/2022\/07\/brauistoebli_sudhuusbar_12-1.jpg\" data-elementor-open-lightbox=\"yes\" data-elementor-lightbox-slideshow=\"all-1e944d4\" data-elementor-lightbox-title=\"brauistoebli_sudhuusbar_12\" e-action-hash=\"#elementor-action%3Aaction%3Dlightbox%26settings%3DeyJpZCI6NjcxLCJ1cmwiOiJodHRwczpcL1wvd3d3LmV2ZW50dHVybS5jaFwvd3AtY29udGVudFwvdXBsb2Fkc1wvMjAyMlwvMDdcL2JyYXVpc3RvZWJsaV9zdWRodXVzYmFyXzEyLTEuanBnIiwic2xpZGVzaG93IjoiYWxsLTFlOTQ0ZDQifQ%3D%3D\"><br \/>\n\t\t\t\t\t\t\t\t\t\t\t\t\t\t<\/a><br \/>\n\t\t\t\t\t\t\t<a href=\"https:\/\/www.eventturm.ch\/wp-content\/uploads\/2022\/07\/brauistoebli_sudhuusbar_15-1.jpg\" data-elementor-open-lightbox=\"yes\" data-elementor-lightbox-slideshow=\"all-1e944d4\" data-elementor-lightbox-title=\"brauistoebli_sudhuusbar_15\" e-action-hash=\"#elementor-action%3Aaction%3Dlightbox%26settings%3DeyJpZCI6Njc0LCJ1cmwiOiJodHRwczpcL1wvd3d3LmV2ZW50dHVybS5jaFwvd3AtY29udGVudFwvdXBsb2Fkc1wvMjAyMlwvMDdcL2JyYXVpc3RvZWJsaV9zdWRodXVzYmFyXzE1LTEuanBnIiwic2xpZGVzaG93IjoiYWxsLTFlOTQ0ZDQifQ%3D%3D\"><br \/>\n\t\t\t\t\t\t\t\t\t\t\t\t\t\t<\/a><br \/>\n\t\t\t\t\t\t\t<a href=\"https:\/\/www.eventturm.ch\/wp-content\/uploads\/2022\/07\/brauistoebli_sudhuusbar_13-1.jpg\" data-elementor-open-lightbox=\"yes\" data-elementor-lightbox-slideshow=\"all-1e944d4\" data-elementor-lightbox-title=\"brauistoebli_sudhuusbar_13\" e-action-hash=\"#elementor-action%3Aaction%3Dlightbox%26settings%3DeyJpZCI6NjcyLCJ1cmwiOiJodHRwczpcL1wvd3d3LmV2ZW50dHVybS5jaFwvd3AtY29udGVudFwvdXBsb2Fkc1wvMjAyMlwvMDdcL2JyYXVpc3RvZWJsaV9zdWRodXVzYmFyXzEzLTEuanBnIiwic2xpZGVzaG93IjoiYWxsLTFlOTQ0ZDQifQ%3D%3D\"><br \/>\n\t\t\t\t\t\t\t\t\t\t\t\t\t\t<\/a><br \/>\n\t\t\t\t\t\t\t<a href=\"https:\/\/www.eventturm.ch\/wp-content\/uploads\/2022\/07\/brauistoebli_sudhuusbar_11-1.jpg\" data-elementor-open-lightbox=\"yes\" data-elementor-lightbox-slideshow=\"all-1e944d4\" data-elementor-lightbox-title=\"brauistoebli_sudhuusbar_11\" e-action-hash=\"#elementor-action%3Aaction%3Dlightbox%26settings%3DeyJpZCI6NjcwLCJ1cmwiOiJodHRwczpcL1wvd3d3LmV2ZW50dHVybS5jaFwvd3AtY29udGVudFwvdXBsb2Fkc1wvMjAyMlwvMDdcL2JyYXVpc3RvZWJsaV9zdWRodXVzYmFyXzExLTEuanBnIiwic2xpZGVzaG93IjoiYWxsLTFlOTQ0ZDQifQ%3D%3D\"><br \/>\n\t\t\t\t\t\t\t\t\t\t\t\t\t\t<\/a><\/p>\n<h1>Raum buchen<\/h1>\n<p>Damit wir schnell und unkompliziert eine aussagekr\u00e4ftige Offerte zusammen\u00adstellen \u00adk\u00f6nnen, haben wir f\u00fcr dich eine Checkliste bereitgestellt. Je pr\u00e4ziser deine \u00adAngaben sind, desto detaillierter k\u00f6nnen wir dich beraten. Alle Angaben sind \u00adunverbindlich und bis zur definitiven Auftragserteilung freibleibend.<\/p>\n<p>\t\t\t\t\t\t\t\t\t\t\t\t\t\t\t<img width=\"308\" height=\"116\" src=\"https:\/\/www.eventturm.ch\/wp-content\/uploads\/2022\/04\/los_gehts.svg\" alt=\"\" loading=\"lazy\" \/><\/p>\n","protected":false},"excerpt":{"rendered":"<p>3.OG Brauist\u00fcbli 2.OG Kleinkulturraum 1.OG Suudhus Voriger N\u00e4chster Rahel plant im Kulturraum! Um in Erfahrung zu bringen, wieso unsere Location gew\u00e4hlt wurde, haben wir kurz bei der Organisatorin nachgefasst. \u00abIch war k\u00fcrzlich an einem Anlass im Kulturzentrum Braui in Hochdorf und bin auf diese multifunktionelle Location aufmerksam geworden. Als Eventmanagerin gehe ich stets mit einem wachen Auge durch das Leben und notiere mir Austragungsorte, die mir gefallen. F\u00fcr einen Teamevent suchte ich neulich einen modernen, gut eingerichteten Raum f\u00fcr ca. 80 Personen. Der mond\u00e4ne Kulturraum im eventturm passte hervorragend in mein Konzept. Die kleine B\u00fchne konnte ich gut in das\u2026<\/p>\n","protected":false},"author":1,"featured_media":0,"parent":0,"menu_order":300,"comment_status":"closed","ping_status":"closed","template":"","meta":[],"blocksy_meta":{"styles_descriptor":{"styles":{"desktop":"","tablet":"","mobile":""},"google_fonts":[],"version":5}},"aioseo_notices":[],"_links":{"self":[{"href":"https:\/\/www.eventturm.ch\/index.php?rest_route=\/wp\/v2\/pages\/289"}],"collection":[{"href":"https:\/\/www.eventturm.ch\/index.php?rest_route=\/wp\/v2\/pages"}],"about":[{"href":"https:\/\/www.eventturm.ch\/index.php?rest_route=\/wp\/v2\/types\/page"}],"author":[{"embeddable":true,"href":"https:\/\/www.eventturm.ch\/index.php?rest_route=\/wp\/v2\/users\/1"}],"replies":[{"embeddable":true,"href":"https:\/\/www.eventturm.ch\/index.php?rest_route=%2Fwp%2Fv2%2Fcomments&post=289"}],"version-history":[{"count":49,"href":"https:\/\/www.eventturm.ch\/index.php?rest_route=\/wp\/v2\/pages\/289\/revisions"}],"predecessor-version":[{"id":1002,"href":"https:\/\/www.eventturm.ch\/index.php?rest_route=\/wp\/v2\/pages\/289\/revisions\/1002"}],"wp:attachment":[{"href":"https:\/\/www.eventturm.ch\/index.php?rest_route=%2Fwp%2Fv2%2Fmedia&parent=289"}],"curies":[{"name":"wp","href":"https:\/\/api.w.org\/{rel}","templated":true}]}}