{"id":288,"date":"2022-04-20T10:34:23","date_gmt":"2022-04-20T08:34:23","guid":{"rendered":"https:\/\/www.eventturm.ch\/?page_id=288"},"modified":"2022-09-30T08:42:09","modified_gmt":"2022-09-30T06:42:09","slug":"rolf","status":"publish","type":"page","link":"https:\/\/www.eventturm.ch\/?page_id=288","title":{"rendered":"Rolf"},"content":{"rendered":"<p><img width=\"453\" height=\"696\" src=\"https:\/\/www.eventturm.ch\/wp-content\/uploads\/2022\/04\/eventturm_logo.svg\" alt=\"\" loading=\"lazy\" \/>\t\t\t\t\t\t\t\t\t\t\t\t\t\t\t<\/p>\n<ul>\n<li><a href=\"\/anna-hugo\/\">3.OG Brauist\u00fcbli<\/a><\/li>\n<li><a href=\"\/rahel\/\">2.OG Kleinkulturraum<\/a><\/li>\n<li><a href=\"\/rolf\/\">1.OG Suudhus<\/a><\/li>\n<\/ul>\n<h1>Rolf feiert im Sudhuus! <\/h1>\n<p>\t\t\t\t\t\t\t<svg aria-hidden=\"true\"><use xlink:href=\"#eicon-chevron-left\" \/><\/svg>\t\t\t\t\t\t\tVoriger<br \/>\n\t\t\t\t\t\t\t<svg aria-hidden=\"true\"><use xlink:href=\"#eicon-chevron-right\" \/><\/svg>\t\t\t\t\t\t\tN\u00e4chster<\/p>\n<p><em>Wir haben nachgefragt und wollten wissen, wie er an die Planung herangetreten ist.<\/em><\/p>\n<p>\u00abNun, man feiert ja nicht alle Tage Geburtstag! Unter diesen Umst\u00e4nden wagte ich mich vor Monaten durch den f\u00fcr mich sonst eher undurchsichtigen Dschungel im Internet. Meine Suchkriterien umfassten folgende Punkte: Ich wollte eine wetterunabh\u00e4ngige Location, die an zentraler Lage in Luzern oder Umgebung domiziliert ist. Der Standort sollte mit den \u00d6Vs erreichbar sein. Meine Verwandten aus der Ostschweiz reisen jedoch mit dem Auto an und bevorzugen in unmittelbarer N\u00e4he ein Parkhaus. Der Raum sollte Platz f\u00fcr ungef\u00e4hr 50 Personen anbieten und nicht allzu viel Schnick-Schnack aufweisen. Die einmalige Location der ehemaligen Brauerei Hochdorf erf\u00fcllte alle meine Kriterien. Relativ rasch kristallisierte sich heraus, dass meine Geburtstagsparty im ehrw\u00fcrdigen Sudhuus stattfindet.<br \/>\u00a0<br \/>\u00dcbrigens, die Verantwortlichen von eventturm haben mich sogar beim Einrichten und Dekorieren unterst\u00fctzt. Sie haben viele Jahre Erfahrung und k\u00f6nnen dich super beraten.\u00bb<br \/>\u00a0<br \/><em>Rolf aus Sempach<\/em><\/p>\n<h2>Platzverh\u00e4ltnisse in diesem Raum<\/h2>\n<table>\n<tr>\n<th>Gr\u00f6sse in &#13217;<\/th>\n<td>200 &#13217;<\/td>\n<\/tr>\n<tr>\n<th>Sitzpl\u00e4tze<\/th>\n<td>60<\/td>\n<\/tr>\n<tr>\n<th>Stehpl\u00e4tze<\/th>\n<td>80<\/td>\n<\/tr>\n<\/table>\n<p>\t\t\t\t\t\t\t\t\t\t\t\t\t\t\t<img width=\"293\" height=\"102\" src=\"https:\/\/www.eventturm.ch\/wp-content\/uploads\/2022\/04\/und_du.svg\" alt=\"\" loading=\"lazy\" \/><br \/>\n\t\t\t\t\t\t\t\t\t\t\t\t\t\t\t<img width=\"1024\" height=\"683\" src=\"https:\/\/www.eventturm.ch\/wp-content\/uploads\/2022\/09\/kulturzentrum-braui-sudhuus-1024x683.jpg\" alt=\"\" loading=\"lazy\" srcset=\"https:\/\/www.eventturm.ch\/wp-content\/uploads\/2022\/09\/kulturzentrum-braui-sudhuus-1024x683.jpg 1024w, https:\/\/www.eventturm.ch\/wp-content\/uploads\/2022\/09\/kulturzentrum-braui-sudhuus-300x200.jpg 300w, https:\/\/www.eventturm.ch\/wp-content\/uploads\/2022\/09\/kulturzentrum-braui-sudhuus-768x512.jpg 768w, https:\/\/www.eventturm.ch\/wp-content\/uploads\/2022\/09\/kulturzentrum-braui-sudhuus.jpg 1200w\" sizes=\"(max-width: 1024px) 100vw, 1024px\" \/><br \/>\n\t\t\t\t\t\t\t<a href=\"https:\/\/www.eventturm.ch\/wp-content\/uploads\/2022\/07\/sudhuus_braui_hochdorf_05.jpg\" data-elementor-open-lightbox=\"yes\" data-elementor-lightbox-slideshow=\"all-9fe4ef1\" data-elementor-lightbox-title=\"sudhuus_braui_hochdorf_05\" e-action-hash=\"#elementor-action%3Aaction%3Dlightbox%26settings%3DeyJpZCI6NjIzLCJ1cmwiOiJodHRwczpcL1wvd3d3LmV2ZW50dHVybS5jaFwvd3AtY29udGVudFwvdXBsb2Fkc1wvMjAyMlwvMDdcL3N1ZGh1dXNfYnJhdWlfaG9jaGRvcmZfMDUuanBnIiwic2xpZGVzaG93IjoiYWxsLTlmZTRlZjEifQ%3D%3D\"><br \/>\n\t\t\t\t\t\t\t\t\t\t\t\t\t\t<\/a><br \/>\n\t\t\t\t\t\t\t<a href=\"https:\/\/www.eventturm.ch\/wp-content\/uploads\/2022\/07\/sudhuus_braui_hochdorf_01.jpg\" data-elementor-open-lightbox=\"yes\" data-elementor-lightbox-slideshow=\"all-9fe4ef1\" data-elementor-lightbox-title=\"sudhuus_braui_hochdorf_01\" e-action-hash=\"#elementor-action%3Aaction%3Dlightbox%26settings%3DeyJpZCI6NjE5LCJ1cmwiOiJodHRwczpcL1wvd3d3LmV2ZW50dHVybS5jaFwvd3AtY29udGVudFwvdXBsb2Fkc1wvMjAyMlwvMDdcL3N1ZGh1dXNfYnJhdWlfaG9jaGRvcmZfMDEuanBnIiwic2xpZGVzaG93IjoiYWxsLTlmZTRlZjEifQ%3D%3D\"><br \/>\n\t\t\t\t\t\t\t\t\t\t\t\t\t\t<\/a><br \/>\n\t\t\t\t\t\t\t<a href=\"https:\/\/www.eventturm.ch\/wp-content\/uploads\/2022\/07\/sudhuus_braui_hochdorf_02.jpg\" data-elementor-open-lightbox=\"yes\" data-elementor-lightbox-slideshow=\"all-9fe4ef1\" data-elementor-lightbox-title=\"sudhuus_braui_hochdorf_02\" e-action-hash=\"#elementor-action%3Aaction%3Dlightbox%26settings%3DeyJpZCI6NjIwLCJ1cmwiOiJodHRwczpcL1wvd3d3LmV2ZW50dHVybS5jaFwvd3AtY29udGVudFwvdXBsb2Fkc1wvMjAyMlwvMDdcL3N1ZGh1dXNfYnJhdWlfaG9jaGRvcmZfMDIuanBnIiwic2xpZGVzaG93IjoiYWxsLTlmZTRlZjEifQ%3D%3D\"><br \/>\n\t\t\t\t\t\t\t\t\t\t\t\t\t\t<\/a><br \/>\n\t\t\t\t\t\t\t<a href=\"https:\/\/www.eventturm.ch\/wp-content\/uploads\/2022\/07\/sudhuus_braui_hochdorf_08.jpg\" data-elementor-open-lightbox=\"yes\" data-elementor-lightbox-slideshow=\"all-9fe4ef1\" data-elementor-lightbox-title=\"sudhuus_braui_hochdorf_08\" e-action-hash=\"#elementor-action%3Aaction%3Dlightbox%26settings%3DeyJpZCI6NjI2LCJ1cmwiOiJodHRwczpcL1wvd3d3LmV2ZW50dHVybS5jaFwvd3AtY29udGVudFwvdXBsb2Fkc1wvMjAyMlwvMDdcL3N1ZGh1dXNfYnJhdWlfaG9jaGRvcmZfMDguanBnIiwic2xpZGVzaG93IjoiYWxsLTlmZTRlZjEifQ%3D%3D\"><br \/>\n\t\t\t\t\t\t\t\t\t\t\t\t\t\t<\/a><br \/>\n\t\t\t\t\t\t\t<a href=\"https:\/\/www.eventturm.ch\/wp-content\/uploads\/2022\/07\/sudhuus_braui_hochdorf_03.jpg\" data-elementor-open-lightbox=\"yes\" data-elementor-lightbox-slideshow=\"all-9fe4ef1\" data-elementor-lightbox-title=\"sudhuus_braui_hochdorf_03\" e-action-hash=\"#elementor-action%3Aaction%3Dlightbox%26settings%3DeyJpZCI6NjIxLCJ1cmwiOiJodHRwczpcL1wvd3d3LmV2ZW50dHVybS5jaFwvd3AtY29udGVudFwvdXBsb2Fkc1wvMjAyMlwvMDdcL3N1ZGh1dXNfYnJhdWlfaG9jaGRvcmZfMDMuanBnIiwic2xpZGVzaG93IjoiYWxsLTlmZTRlZjEifQ%3D%3D\"><br \/>\n\t\t\t\t\t\t\t\t\t\t\t\t\t\t<\/a><br \/>\n\t\t\t\t\t\t\t<a href=\"https:\/\/www.eventturm.ch\/wp-content\/uploads\/2022\/07\/sudhuus_braui_hochdorf_09.jpg\" data-elementor-open-lightbox=\"yes\" data-elementor-lightbox-slideshow=\"all-9fe4ef1\" data-elementor-lightbox-title=\"sudhuus_braui_hochdorf_09\" e-action-hash=\"#elementor-action%3Aaction%3Dlightbox%26settings%3DeyJpZCI6NjI3LCJ1cmwiOiJodHRwczpcL1wvd3d3LmV2ZW50dHVybS5jaFwvd3AtY29udGVudFwvdXBsb2Fkc1wvMjAyMlwvMDdcL3N1ZGh1dXNfYnJhdWlfaG9jaGRvcmZfMDkuanBnIiwic2xpZGVzaG93IjoiYWxsLTlmZTRlZjEifQ%3D%3D\"><br \/>\n\t\t\t\t\t\t\t\t\t\t\t\t\t\t<\/a><br \/>\n\t\t\t\t\t\t\t<a href=\"https:\/\/www.eventturm.ch\/wp-content\/uploads\/2022\/07\/sudhuus_braui_hochdorf_07.jpg\" data-elementor-open-lightbox=\"yes\" data-elementor-lightbox-slideshow=\"all-9fe4ef1\" data-elementor-lightbox-title=\"sudhuus_braui_hochdorf_07\" e-action-hash=\"#elementor-action%3Aaction%3Dlightbox%26settings%3DeyJpZCI6NjI1LCJ1cmwiOiJodHRwczpcL1wvd3d3LmV2ZW50dHVybS5jaFwvd3AtY29udGVudFwvdXBsb2Fkc1wvMjAyMlwvMDdcL3N1ZGh1dXNfYnJhdWlfaG9jaGRvcmZfMDcuanBnIiwic2xpZGVzaG93IjoiYWxsLTlmZTRlZjEifQ%3D%3D\"><br \/>\n\t\t\t\t\t\t\t\t\t\t\t\t\t\t<\/a><br \/>\n\t\t\t\t\t\t\t<a href=\"https:\/\/www.eventturm.ch\/wp-content\/uploads\/2022\/07\/sudhuus_braui_hochdorf_10.jpg\" data-elementor-open-lightbox=\"yes\" data-elementor-lightbox-slideshow=\"all-9fe4ef1\" data-elementor-lightbox-title=\"sudhuus_braui_hochdorf_10\" e-action-hash=\"#elementor-action%3Aaction%3Dlightbox%26settings%3DeyJpZCI6NjI4LCJ1cmwiOiJodHRwczpcL1wvd3d3LmV2ZW50dHVybS5jaFwvd3AtY29udGVudFwvdXBsb2Fkc1wvMjAyMlwvMDdcL3N1ZGh1dXNfYnJhdWlfaG9jaGRvcmZfMTAuanBnIiwic2xpZGVzaG93IjoiYWxsLTlmZTRlZjEifQ%3D%3D\"><br \/>\n\t\t\t\t\t\t\t\t\t\t\t\t\t\t<\/a><br \/>\n\t\t\t\t\t\t\t<a href=\"https:\/\/www.eventturm.ch\/wp-content\/uploads\/2022\/07\/sudhuus_braui_hochdorf_06.jpg\" data-elementor-open-lightbox=\"yes\" data-elementor-lightbox-slideshow=\"all-9fe4ef1\" data-elementor-lightbox-title=\"sudhuus_braui_hochdorf_06\" e-action-hash=\"#elementor-action%3Aaction%3Dlightbox%26settings%3DeyJpZCI6NjI0LCJ1cmwiOiJodHRwczpcL1wvd3d3LmV2ZW50dHVybS5jaFwvd3AtY29udGVudFwvdXBsb2Fkc1wvMjAyMlwvMDdcL3N1ZGh1dXNfYnJhdWlfaG9jaGRvcmZfMDYuanBnIiwic2xpZGVzaG93IjoiYWxsLTlmZTRlZjEifQ%3D%3D\"><br \/>\n\t\t\t\t\t\t\t\t\t\t\t\t\t\t<\/a><br \/>\n\t\t\t\t\t\t\t<a href=\"https:\/\/www.eventturm.ch\/wp-content\/uploads\/2022\/07\/sudhuus_braui_hochdorf_04.jpg\" data-elementor-open-lightbox=\"yes\" data-elementor-lightbox-slideshow=\"all-9fe4ef1\" data-elementor-lightbox-title=\"sudhuus_braui_hochdorf_04\" e-action-hash=\"#elementor-action%3Aaction%3Dlightbox%26settings%3DeyJpZCI6NjIyLCJ1cmwiOiJodHRwczpcL1wvd3d3LmV2ZW50dHVybS5jaFwvd3AtY29udGVudFwvdXBsb2Fkc1wvMjAyMlwvMDdcL3N1ZGh1dXNfYnJhdWlfaG9jaGRvcmZfMDQuanBnIiwic2xpZGVzaG93IjoiYWxsLTlmZTRlZjEifQ%3D%3D\"><br \/>\n\t\t\t\t\t\t\t\t\t\t\t\t\t\t<\/a><\/p>\n<h1>Raum buchen<\/h1>\n<p>Damit wir schnell und unkompliziert eine aussagekr\u00e4ftige Offerte zusammen\u00adstellen \u00adk\u00f6nnen, haben wir f\u00fcr dich eine Checkliste bereitgestellt. Je pr\u00e4ziser deine \u00adAngaben sind, desto detaillierter k\u00f6nnen wir dich beraten. Alle Angaben sind \u00adunverbindlich und bis zur definitiven Auftragserteilung freibleibend.<\/p>\n<p>\t\t\t\t\t\t\t\t\t\t\t\t\t\t\t\t<a href=\"https:\/\/www.eventturm.ch\/raum_buchen\/\"><br \/>\n\t\t\t\t\t\t\t<img width=\"308\" height=\"116\" src=\"https:\/\/www.eventturm.ch\/wp-content\/uploads\/2022\/04\/los_gehts.svg\" alt=\"\" loading=\"lazy\" \/>\t\t\t\t\t\t\t\t<\/a><\/p>\n","protected":false},"excerpt":{"rendered":"<p>3.OG Brauist\u00fcbli 2.OG Kleinkulturraum 1.OG Suudhus Rolf feiert im Sudhuus! Voriger N\u00e4chster Wir haben nachgefragt und wollten wissen, wie er an die Planung herangetreten ist. \u00abNun, man feiert ja nicht alle Tage Geburtstag! Unter diesen Umst\u00e4nden wagte ich mich vor Monaten durch den f\u00fcr mich sonst eher undurchsichtigen Dschungel im Internet. Meine Suchkriterien umfassten folgende Punkte: Ich wollte eine wetterunabh\u00e4ngige Location, die an zentraler Lage in Luzern oder Umgebung domiziliert ist. Der Standort sollte mit den \u00d6Vs erreichbar sein. Meine Verwandten aus der Ostschweiz reisen jedoch mit dem Auto an und bevorzugen in unmittelbarer N\u00e4he ein Parkhaus. Der Raum sollte\u2026<\/p>\n","protected":false},"author":1,"featured_media":0,"parent":0,"menu_order":200,"comment_status":"closed","ping_status":"open","template":"","meta":[],"blocksy_meta":{"styles_descriptor":{"styles":{"desktop":"","tablet":"","mobile":""},"google_fonts":[],"version":5}},"aioseo_notices":[],"_links":{"self":[{"href":"https:\/\/www.eventturm.ch\/index.php?rest_route=\/wp\/v2\/pages\/288"}],"collection":[{"href":"https:\/\/www.eventturm.ch\/index.php?rest_route=\/wp\/v2\/pages"}],"about":[{"href":"https:\/\/www.eventturm.ch\/index.php?rest_route=\/wp\/v2\/types\/page"}],"author":[{"embeddable":true,"href":"https:\/\/www.eventturm.ch\/index.php?rest_route=\/wp\/v2\/users\/1"}],"replies":[{"embeddable":true,"href":"https:\/\/www.eventturm.ch\/index.php?rest_route=%2Fwp%2Fv2%2Fcomments&post=288"}],"version-history":[{"count":205,"href":"https:\/\/www.eventturm.ch\/index.php?rest_route=\/wp\/v2\/pages\/288\/revisions"}],"predecessor-version":[{"id":999,"href":"https:\/\/www.eventturm.ch\/index.php?rest_route=\/wp\/v2\/pages\/288\/revisions\/999"}],"wp:attachment":[{"href":"https:\/\/www.eventturm.ch\/index.php?rest_route=%2Fwp%2Fv2%2Fmedia&parent=288"}],"curies":[{"name":"wp","href":"https:\/\/api.w.org\/{rel}","templated":true}]}}