{"id":20,"date":"2021-02-05T09:24:35","date_gmt":"2021-02-05T09:24:35","guid":{"rendered":"https:\/\/www.eventturm.ch\/?page_id=20"},"modified":"2022-09-30T07:45:47","modified_gmt":"2022-09-30T05:45:47","slug":"startseite","status":"publish","type":"page","link":"https:\/\/www.eventturm.ch\/","title":{"rendered":"Home"},"content":{"rendered":"<p><img width=\"813\" height=\"228\" src=\"https:\/\/www.eventturm.ch\/wp-content\/uploads\/2022\/04\/willkommen.svg\" alt=\"\" loading=\"lazy\" \/><br \/>\n\t\t\t\t\t\t\t\t\t\t\t\t\t\t\t\t<a href=\"\/rolf\/\"><br \/>\n\t\t\t\t\t\t\t<img width=\"1024\" height=\"1024\" src=\"https:\/\/www.eventturm.ch\/wp-content\/uploads\/2022\/04\/banner_rolf-1024x1024.png\" alt=\"\" loading=\"lazy\" srcset=\"https:\/\/www.eventturm.ch\/wp-content\/uploads\/2022\/04\/banner_rolf-1024x1024.png 1024w, https:\/\/www.eventturm.ch\/wp-content\/uploads\/2022\/04\/banner_rolf-300x300.png 300w, https:\/\/www.eventturm.ch\/wp-content\/uploads\/2022\/04\/banner_rolf-150x150.png 150w, https:\/\/www.eventturm.ch\/wp-content\/uploads\/2022\/04\/banner_rolf-768x768.png 768w, https:\/\/www.eventturm.ch\/wp-content\/uploads\/2022\/04\/banner_rolf.png 1200w\" sizes=\"(max-width: 1024px) 100vw, 1024px\" \/>\t\t\t\t\t\t\t\t<\/a><br \/>\n\t\t\t\t\t\t\t\t\t\t\t\t\t\t\t\t<a href=\"\/rahel\/\"><br \/>\n\t\t\t\t\t\t\t<img width=\"1024\" height=\"1024\" src=\"https:\/\/www.eventturm.ch\/wp-content\/uploads\/2022\/04\/banner_rahel-1024x1024.png\" alt=\"\" loading=\"lazy\" srcset=\"https:\/\/www.eventturm.ch\/wp-content\/uploads\/2022\/04\/banner_rahel-1024x1024.png 1024w, https:\/\/www.eventturm.ch\/wp-content\/uploads\/2022\/04\/banner_rahel-300x300.png 300w, https:\/\/www.eventturm.ch\/wp-content\/uploads\/2022\/04\/banner_rahel-150x150.png 150w, https:\/\/www.eventturm.ch\/wp-content\/uploads\/2022\/04\/banner_rahel-768x768.png 768w, https:\/\/www.eventturm.ch\/wp-content\/uploads\/2022\/04\/banner_rahel.png 1200w\" sizes=\"(max-width: 1024px) 100vw, 1024px\" \/>\t\t\t\t\t\t\t\t<\/a><br \/>\n\t\t\t\t\t\t\t\t\t\t\t\t\t\t\t\t<a href=\"\/anna-hugo\/\"><br \/>\n\t\t\t\t\t\t\t<img width=\"1024\" height=\"1024\" src=\"https:\/\/www.eventturm.ch\/wp-content\/uploads\/2022\/04\/banner_anna-hugo-1024x1024.png\" alt=\"\" loading=\"lazy\" srcset=\"https:\/\/www.eventturm.ch\/wp-content\/uploads\/2022\/04\/banner_anna-hugo-1024x1024.png 1024w, https:\/\/www.eventturm.ch\/wp-content\/uploads\/2022\/04\/banner_anna-hugo-300x300.png 300w, https:\/\/www.eventturm.ch\/wp-content\/uploads\/2022\/04\/banner_anna-hugo-150x150.png 150w, https:\/\/www.eventturm.ch\/wp-content\/uploads\/2022\/04\/banner_anna-hugo-768x768.png 768w, https:\/\/www.eventturm.ch\/wp-content\/uploads\/2022\/04\/banner_anna-hugo.png 1200w\" sizes=\"(max-width: 1024px) 100vw, 1024px\" \/>\t\t\t\t\t\t\t\t<\/a><br \/>\n\t\t\t\t\t\t\t\t\t\t\t\t\t\t\t<img width=\"453\" height=\"696\" src=\"https:\/\/www.eventturm.ch\/wp-content\/uploads\/2022\/04\/eventturm_logo.svg\" alt=\"\" loading=\"lazy\" \/>\t\t\t\t\t\t\t\t\t\t\t\t\t\t\t<\/p>\n<ul>\n<li><a href=\"\/anna-hugo\/\">3.OG Brauist\u00fcbli<\/a><\/li>\n<li><a href=\"\/rahel\/\">2.OG Kleinkulturraum<\/a><\/li>\n<li><a href=\"\/rolf\/\">1.OG Suudhus<\/a><\/li>\n<\/ul>\n<h1>Eventturm<\/h1>\n<p>ist eine Eventlocation, die im Brauturm der ehe\u00adma\u00adligen Brauerei Hochdorf daheim ist. \u00dcber ein\u00adhundert Jahre pr\u00e4gte der markante Turm das \u00adDorfbild. Noch heute ragt das Fragment im Herzen der \u00adSeetaler Kleinstadtidylle dem Himmel \u00adempor, jedoch in \u00adeiner anderen Funktion. Heute dient er haupts\u00e4chlich \u00adkulturellen Zwecken. Auf insgesamt vier Etagen sind drei Eventr\u00e4ume entstanden, die unterschied\u00adlicher nicht sein k\u00f6nnten. Kaum ein \u00adVeranstaltungs\u00adort ist mit dem Privatauto oder dem \u00f6ffentlichen \u00adVerkehr so gut zu erreichen wie der event turm. Dank den Autobahnanschl\u00fcssen in \u00adEmmen, \u00adGisikon, Buchrain und Sempach sowie der S-Bahn \u00adzwischen \u00adLuzern und Lenzburg im Halb\u00adstundentakt, ist \u00adHochdorf praktisch rund um die Uhr schnell und \u00adbequem erreichbar.<\/p>\n<p>\t\t\t\t\t\t\t\t\t\t\t\t\t\t\t<img width=\"1024\" height=\"683\" src=\"https:\/\/www.eventturm.ch\/wp-content\/uploads\/2022\/09\/kulturzentrum-braui-sudhuus-1024x683.jpg\" alt=\"\" loading=\"lazy\" srcset=\"https:\/\/www.eventturm.ch\/wp-content\/uploads\/2022\/09\/kulturzentrum-braui-sudhuus-1024x683.jpg 1024w, https:\/\/www.eventturm.ch\/wp-content\/uploads\/2022\/09\/kulturzentrum-braui-sudhuus-300x200.jpg 300w, https:\/\/www.eventturm.ch\/wp-content\/uploads\/2022\/09\/kulturzentrum-braui-sudhuus-768x512.jpg 768w, https:\/\/www.eventturm.ch\/wp-content\/uploads\/2022\/09\/kulturzentrum-braui-sudhuus.jpg 1200w\" sizes=\"(max-width: 1024px) 100vw, 1024px\" \/><br \/>\n\t\t\t\t\t\t\t\t\t<a data-gallery-index=\"all\"><br \/>\n\t\t\t\t\t\tAlle\t\t\t\t\t<\/a><br \/>\n\t\t\t\t\t\t\t\t\t<a data-gallery-index=\"0\"><br \/>\n\t\t\t\t\t\tsudhuus\t\t\t\t\t<\/a><br \/>\n\t\t\t\t\t\t\t\t\t\t<a data-gallery-index=\"1\"><br \/>\n\t\t\t\t\t\tKleinkulturraum\t\t\t\t\t<\/a><br \/>\n\t\t\t\t\t\t\t\t\t\t<a data-gallery-index=\"2\"><br \/>\n\t\t\t\t\t\tBrauist\u00fcbli\t\t\t\t\t<\/a><br \/>\n\t\t\t\t\t\t\t<a data-e-gallery-tags=\"2\" href=\"https:\/\/www.eventturm.ch\/wp-content\/uploads\/2022\/07\/brauistoebli_sudhuusbar_25.jpg\" data-elementor-open-lightbox=\"yes\" data-elementor-lightbox-slideshow=\"all-cec91fc\" data-elementor-lightbox-title=\"brauistoebli_sudhuusbar_25\" e-action-hash=\"#elementor-action%3Aaction%3Dlightbox%26settings%3DeyJpZCI6NjU3LCJ1cmwiOiJodHRwczpcL1wvd3d3LmV2ZW50dHVybS5jaFwvd3AtY29udGVudFwvdXBsb2Fkc1wvMjAyMlwvMDdcL2JyYXVpc3RvZWJsaV9zdWRodXVzYmFyXzI1LmpwZyIsInNsaWRlc2hvdyI6ImFsbC1jZWM5MWZjIn0%3D\"><br \/>\n\t\t\t\t\t\t\t\t\t\t\t\t\t\t<\/a><br \/>\n\t\t\t\t\t\t\t<a data-e-gallery-tags=\"1\" href=\"https:\/\/www.eventturm.ch\/wp-content\/uploads\/2022\/07\/brauistoebli_sudhuusbar_07-1.jpg\" data-elementor-open-lightbox=\"yes\" data-elementor-lightbox-slideshow=\"all-cec91fc\" data-elementor-lightbox-title=\"brauistoebli_sudhuusbar_07\" e-action-hash=\"#elementor-action%3Aaction%3Dlightbox%26settings%3DeyJpZCI6NjY2LCJ1cmwiOiJodHRwczpcL1wvd3d3LmV2ZW50dHVybS5jaFwvd3AtY29udGVudFwvdXBsb2Fkc1wvMjAyMlwvMDdcL2JyYXVpc3RvZWJsaV9zdWRodXVzYmFyXzA3LTEuanBnIiwic2xpZGVzaG93IjoiYWxsLWNlYzkxZmMifQ%3D%3D\"><br \/>\n\t\t\t\t\t\t\t\t\t\t\t\t\t\t<\/a><br \/>\n\t\t\t\t\t\t\t<a data-e-gallery-tags=\"1\" href=\"https:\/\/www.eventturm.ch\/wp-content\/uploads\/2022\/07\/brauistoebli_sudhuusbar_16-1.jpg\" data-elementor-open-lightbox=\"yes\" data-elementor-lightbox-slideshow=\"all-cec91fc\" data-elementor-lightbox-title=\"brauistoebli_sudhuusbar_16\" e-action-hash=\"#elementor-action%3Aaction%3Dlightbox%26settings%3DeyJpZCI6Njc1LCJ1cmwiOiJodHRwczpcL1wvd3d3LmV2ZW50dHVybS5jaFwvd3AtY29udGVudFwvdXBsb2Fkc1wvMjAyMlwvMDdcL2JyYXVpc3RvZWJsaV9zdWRodXVzYmFyXzE2LTEuanBnIiwic2xpZGVzaG93IjoiYWxsLWNlYzkxZmMifQ%3D%3D\"><br \/>\n\t\t\t\t\t\t\t\t\t\t\t\t\t\t<\/a><br \/>\n\t\t\t\t\t\t\t<a data-e-gallery-tags=\"0\" href=\"https:\/\/www.eventturm.ch\/wp-content\/uploads\/2022\/07\/sudhuus_braui_hochdorf_01.jpg\" data-elementor-open-lightbox=\"yes\" data-elementor-lightbox-slideshow=\"all-cec91fc\" data-elementor-lightbox-title=\"sudhuus_braui_hochdorf_01\" e-action-hash=\"#elementor-action%3Aaction%3Dlightbox%26settings%3DeyJpZCI6NjE5LCJ1cmwiOiJodHRwczpcL1wvd3d3LmV2ZW50dHVybS5jaFwvd3AtY29udGVudFwvdXBsb2Fkc1wvMjAyMlwvMDdcL3N1ZGh1dXNfYnJhdWlfaG9jaGRvcmZfMDEuanBnIiwic2xpZGVzaG93IjoiYWxsLWNlYzkxZmMifQ%3D%3D\"><br \/>\n\t\t\t\t\t\t\t\t\t\t\t\t\t\t<\/a><br \/>\n\t\t\t\t\t\t\t<a data-e-gallery-tags=\"1\" href=\"https:\/\/www.eventturm.ch\/wp-content\/uploads\/2022\/07\/brauistoebli_sudhuusbar_14-1.jpg\" data-elementor-open-lightbox=\"yes\" data-elementor-lightbox-slideshow=\"all-cec91fc\" data-elementor-lightbox-title=\"brauistoebli_sudhuusbar_14\" e-action-hash=\"#elementor-action%3Aaction%3Dlightbox%26settings%3DeyJpZCI6NjczLCJ1cmwiOiJodHRwczpcL1wvd3d3LmV2ZW50dHVybS5jaFwvd3AtY29udGVudFwvdXBsb2Fkc1wvMjAyMlwvMDdcL2JyYXVpc3RvZWJsaV9zdWRodXVzYmFyXzE0LTEuanBnIiwic2xpZGVzaG93IjoiYWxsLWNlYzkxZmMifQ%3D%3D\"><br \/>\n\t\t\t\t\t\t\t\t\t\t\t\t\t\t<\/a><br \/>\n\t\t\t\t\t\t\t<a data-e-gallery-tags=\"2\" href=\"https:\/\/www.eventturm.ch\/wp-content\/uploads\/2022\/07\/brauistuebli_abend_braui_hochdorf_08.jpg\" data-elementor-open-lightbox=\"yes\" data-elementor-lightbox-slideshow=\"all-cec91fc\" data-elementor-lightbox-title=\"brauistuebli_abend_braui_hochdorf_08\" e-action-hash=\"#elementor-action%3Aaction%3Dlightbox%26settings%3DeyJpZCI6NjgzLCJ1cmwiOiJodHRwczpcL1wvd3d3LmV2ZW50dHVybS5jaFwvd3AtY29udGVudFwvdXBsb2Fkc1wvMjAyMlwvMDdcL2JyYXVpc3R1ZWJsaV9hYmVuZF9icmF1aV9ob2NoZG9yZl8wOC5qcGciLCJzbGlkZXNob3ciOiJhbGwtY2VjOTFmYyJ9\"><br \/>\n\t\t\t\t\t\t\t\t\t\t\t\t\t\t<\/a><br \/>\n\t\t\t\t\t\t\t<a data-e-gallery-tags=\"1\" href=\"https:\/\/www.eventturm.ch\/wp-content\/uploads\/2022\/07\/brauistoebli_sudhuusbar_05-1.jpg\" data-elementor-open-lightbox=\"yes\" data-elementor-lightbox-slideshow=\"all-cec91fc\" data-elementor-lightbox-title=\"brauistoebli_sudhuusbar_05\" e-action-hash=\"#elementor-action%3Aaction%3Dlightbox%26settings%3DeyJpZCI6NjY0LCJ1cmwiOiJodHRwczpcL1wvd3d3LmV2ZW50dHVybS5jaFwvd3AtY29udGVudFwvdXBsb2Fkc1wvMjAyMlwvMDdcL2JyYXVpc3RvZWJsaV9zdWRodXVzYmFyXzA1LTEuanBnIiwic2xpZGVzaG93IjoiYWxsLWNlYzkxZmMifQ%3D%3D\"><br \/>\n\t\t\t\t\t\t\t\t\t\t\t\t\t\t<\/a><br \/>\n\t\t\t\t\t\t\t<a data-e-gallery-tags=\"1\" href=\"https:\/\/www.eventturm.ch\/wp-content\/uploads\/2022\/07\/brauistoebli_sudhuusbar_04-1.jpg\" data-elementor-open-lightbox=\"yes\" data-elementor-lightbox-slideshow=\"all-cec91fc\" data-elementor-lightbox-title=\"brauistoebli_sudhuusbar_04\" e-action-hash=\"#elementor-action%3Aaction%3Dlightbox%26settings%3DeyJpZCI6NjYzLCJ1cmwiOiJodHRwczpcL1wvd3d3LmV2ZW50dHVybS5jaFwvd3AtY29udGVudFwvdXBsb2Fkc1wvMjAyMlwvMDdcL2JyYXVpc3RvZWJsaV9zdWRodXVzYmFyXzA0LTEuanBnIiwic2xpZGVzaG93IjoiYWxsLWNlYzkxZmMifQ%3D%3D\"><br \/>\n\t\t\t\t\t\t\t\t\t\t\t\t\t\t<\/a><br \/>\n\t\t\t\t\t\t\t<a data-e-gallery-tags=\"2\" href=\"https:\/\/www.eventturm.ch\/wp-content\/uploads\/2022\/07\/brauistoebli_sudhuusbar_18.jpg\" data-elementor-open-lightbox=\"yes\" data-elementor-lightbox-slideshow=\"all-cec91fc\" data-elementor-lightbox-title=\"brauistoebli_sudhuusbar_18\" e-action-hash=\"#elementor-action%3Aaction%3Dlightbox%26settings%3DeyJpZCI6NjQ5LCJ1cmwiOiJodHRwczpcL1wvd3d3LmV2ZW50dHVybS5jaFwvd3AtY29udGVudFwvdXBsb2Fkc1wvMjAyMlwvMDdcL2JyYXVpc3RvZWJsaV9zdWRodXVzYmFyXzE4LmpwZyIsInNsaWRlc2hvdyI6ImFsbC1jZWM5MWZjIn0%3D\"><br \/>\n\t\t\t\t\t\t\t\t\t\t\t\t\t\t<\/a><br \/>\n\t\t\t\t\t\t\t<a data-e-gallery-tags=\"0\" href=\"https:\/\/www.eventturm.ch\/wp-content\/uploads\/2022\/07\/sudhuus_braui_hochdorf_04.jpg\" data-elementor-open-lightbox=\"yes\" data-elementor-lightbox-slideshow=\"all-cec91fc\" data-elementor-lightbox-title=\"sudhuus_braui_hochdorf_04\" e-action-hash=\"#elementor-action%3Aaction%3Dlightbox%26settings%3DeyJpZCI6NjIyLCJ1cmwiOiJodHRwczpcL1wvd3d3LmV2ZW50dHVybS5jaFwvd3AtY29udGVudFwvdXBsb2Fkc1wvMjAyMlwvMDdcL3N1ZGh1dXNfYnJhdWlfaG9jaGRvcmZfMDQuanBnIiwic2xpZGVzaG93IjoiYWxsLWNlYzkxZmMifQ%3D%3D\"><br \/>\n\t\t\t\t\t\t\t\t\t\t\t\t\t\t<\/a><br \/>\n\t\t\t\t\t\t\t<a data-e-gallery-tags=\"0\" href=\"https:\/\/www.eventturm.ch\/wp-content\/uploads\/2022\/07\/sudhuus_braui_hochdorf_02.jpg\" data-elementor-open-lightbox=\"yes\" data-elementor-lightbox-slideshow=\"all-cec91fc\" data-elementor-lightbox-title=\"sudhuus_braui_hochdorf_02\" e-action-hash=\"#elementor-action%3Aaction%3Dlightbox%26settings%3DeyJpZCI6NjIwLCJ1cmwiOiJodHRwczpcL1wvd3d3LmV2ZW50dHVybS5jaFwvd3AtY29udGVudFwvdXBsb2Fkc1wvMjAyMlwvMDdcL3N1ZGh1dXNfYnJhdWlfaG9jaGRvcmZfMDIuanBnIiwic2xpZGVzaG93IjoiYWxsLWNlYzkxZmMifQ%3D%3D\"><br \/>\n\t\t\t\t\t\t\t\t\t\t\t\t\t\t<\/a><br \/>\n\t\t\t\t\t\t\t<a data-e-gallery-tags=\"0\" href=\"https:\/\/www.eventturm.ch\/wp-content\/uploads\/2022\/07\/sudhuus_braui_hochdorf_05.jpg\" data-elementor-open-lightbox=\"yes\" data-elementor-lightbox-slideshow=\"all-cec91fc\" data-elementor-lightbox-title=\"sudhuus_braui_hochdorf_05\" e-action-hash=\"#elementor-action%3Aaction%3Dlightbox%26settings%3DeyJpZCI6NjIzLCJ1cmwiOiJodHRwczpcL1wvd3d3LmV2ZW50dHVybS5jaFwvd3AtY29udGVudFwvdXBsb2Fkc1wvMjAyMlwvMDdcL3N1ZGh1dXNfYnJhdWlfaG9jaGRvcmZfMDUuanBnIiwic2xpZGVzaG93IjoiYWxsLWNlYzkxZmMifQ%3D%3D\"><br \/>\n\t\t\t\t\t\t\t\t\t\t\t\t\t\t<\/a><br \/>\n\t\t\t\t\t\t\t<a data-e-gallery-tags=\"2\" href=\"https:\/\/www.eventturm.ch\/wp-content\/uploads\/2022\/07\/brauistuebli_abend_braui_hochdorf_02.jpg\" data-elementor-open-lightbox=\"yes\" data-elementor-lightbox-slideshow=\"all-cec91fc\" data-elementor-lightbox-title=\"brauistuebli_abend_braui_hochdorf_02\" e-action-hash=\"#elementor-action%3Aaction%3Dlightbox%26settings%3DeyJpZCI6Njc3LCJ1cmwiOiJodHRwczpcL1wvd3d3LmV2ZW50dHVybS5jaFwvd3AtY29udGVudFwvdXBsb2Fkc1wvMjAyMlwvMDdcL2JyYXVpc3R1ZWJsaV9hYmVuZF9icmF1aV9ob2NoZG9yZl8wMi5qcGciLCJzbGlkZXNob3ciOiJhbGwtY2VjOTFmYyJ9\"><br \/>\n\t\t\t\t\t\t\t\t\t\t\t\t\t\t<\/a><br \/>\n\t\t\t\t\t\t\t<a data-e-gallery-tags=\"1\" href=\"https:\/\/www.eventturm.ch\/wp-content\/uploads\/2022\/07\/brauistoebli_sudhuusbar_11-1.jpg\" data-elementor-open-lightbox=\"yes\" data-elementor-lightbox-slideshow=\"all-cec91fc\" data-elementor-lightbox-title=\"brauistoebli_sudhuusbar_11\" e-action-hash=\"#elementor-action%3Aaction%3Dlightbox%26settings%3DeyJpZCI6NjcwLCJ1cmwiOiJodHRwczpcL1wvd3d3LmV2ZW50dHVybS5jaFwvd3AtY29udGVudFwvdXBsb2Fkc1wvMjAyMlwvMDdcL2JyYXVpc3RvZWJsaV9zdWRodXVzYmFyXzExLTEuanBnIiwic2xpZGVzaG93IjoiYWxsLWNlYzkxZmMifQ%3D%3D\"><br \/>\n\t\t\t\t\t\t\t\t\t\t\t\t\t\t<\/a><br \/>\n\t\t\t\t\t\t\t<a data-e-gallery-tags=\"2\" href=\"https:\/\/www.eventturm.ch\/wp-content\/uploads\/2022\/07\/brauistuebli_abend_braui_hochdorf_05.jpg\" data-elementor-open-lightbox=\"yes\" data-elementor-lightbox-slideshow=\"all-cec91fc\" data-elementor-lightbox-title=\"brauistuebli_abend_braui_hochdorf_05\" e-action-hash=\"#elementor-action%3Aaction%3Dlightbox%26settings%3DeyJpZCI6NjgwLCJ1cmwiOiJodHRwczpcL1wvd3d3LmV2ZW50dHVybS5jaFwvd3AtY29udGVudFwvdXBsb2Fkc1wvMjAyMlwvMDdcL2JyYXVpc3R1ZWJsaV9hYmVuZF9icmF1aV9ob2NoZG9yZl8wNS5qcGciLCJzbGlkZXNob3ciOiJhbGwtY2VjOTFmYyJ9\"><br \/>\n\t\t\t\t\t\t\t\t\t\t\t\t\t\t<\/a><br \/>\n\t\t\t\t\t\t\t<a data-e-gallery-tags=\"2\" href=\"https:\/\/www.eventturm.ch\/wp-content\/uploads\/2022\/07\/brauistoebli_sudhuusbar_27.jpg\" data-elementor-open-lightbox=\"yes\" data-elementor-lightbox-slideshow=\"all-cec91fc\" data-elementor-lightbox-title=\"brauistoebli_sudhuusbar_27\" e-action-hash=\"#elementor-action%3Aaction%3Dlightbox%26settings%3DeyJpZCI6NjU5LCJ1cmwiOiJodHRwczpcL1wvd3d3LmV2ZW50dHVybS5jaFwvd3AtY29udGVudFwvdXBsb2Fkc1wvMjAyMlwvMDdcL2JyYXVpc3RvZWJsaV9zdWRodXVzYmFyXzI3LmpwZyIsInNsaWRlc2hvdyI6ImFsbC1jZWM5MWZjIn0%3D\"><br \/>\n\t\t\t\t\t\t\t\t\t\t\t\t\t\t<\/a><br \/>\n\t\t\t\t\t\t\t<a data-e-gallery-tags=\"0\" href=\"https:\/\/www.eventturm.ch\/wp-content\/uploads\/2022\/07\/sudhuus_braui_hochdorf_08.jpg\" data-elementor-open-lightbox=\"yes\" data-elementor-lightbox-slideshow=\"all-cec91fc\" data-elementor-lightbox-title=\"sudhuus_braui_hochdorf_08\" e-action-hash=\"#elementor-action%3Aaction%3Dlightbox%26settings%3DeyJpZCI6NjI2LCJ1cmwiOiJodHRwczpcL1wvd3d3LmV2ZW50dHVybS5jaFwvd3AtY29udGVudFwvdXBsb2Fkc1wvMjAyMlwvMDdcL3N1ZGh1dXNfYnJhdWlfaG9jaGRvcmZfMDguanBnIiwic2xpZGVzaG93IjoiYWxsLWNlYzkxZmMifQ%3D%3D\"><br \/>\n\t\t\t\t\t\t\t\t\t\t\t\t\t\t<\/a><br \/>\n\t\t\t\t\t\t\t<a data-e-gallery-tags=\"2\" href=\"https:\/\/www.eventturm.ch\/wp-content\/uploads\/2022\/07\/brauistoebli_sudhuusbar_10.jpg\" data-elementor-open-lightbox=\"yes\" data-elementor-lightbox-slideshow=\"all-cec91fc\" data-elementor-lightbox-title=\"brauistoebli_sudhuusbar_10\" e-action-hash=\"#elementor-action%3Aaction%3Dlightbox%26settings%3DeyJpZCI6NjQxLCJ1cmwiOiJodHRwczpcL1wvd3d3LmV2ZW50dHVybS5jaFwvd3AtY29udGVudFwvdXBsb2Fkc1wvMjAyMlwvMDdcL2JyYXVpc3RvZWJsaV9zdWRodXVzYmFyXzEwLmpwZyIsInNsaWRlc2hvdyI6ImFsbC1jZWM5MWZjIn0%3D\"><br \/>\n\t\t\t\t\t\t\t\t\t\t\t\t\t\t<\/a><br \/>\n\t\t\t\t\t\t\t<a data-e-gallery-tags=\"0\" href=\"https:\/\/www.eventturm.ch\/wp-content\/uploads\/2022\/07\/sudhuus_braui_hochdorf_07.jpg\" data-elementor-open-lightbox=\"yes\" data-elementor-lightbox-slideshow=\"all-cec91fc\" data-elementor-lightbox-title=\"sudhuus_braui_hochdorf_07\" e-action-hash=\"#elementor-action%3Aaction%3Dlightbox%26settings%3DeyJpZCI6NjI1LCJ1cmwiOiJodHRwczpcL1wvd3d3LmV2ZW50dHVybS5jaFwvd3AtY29udGVudFwvdXBsb2Fkc1wvMjAyMlwvMDdcL3N1ZGh1dXNfYnJhdWlfaG9jaGRvcmZfMDcuanBnIiwic2xpZGVzaG93IjoiYWxsLWNlYzkxZmMifQ%3D%3D\"><br \/>\n\t\t\t\t\t\t\t\t\t\t\t\t\t\t<\/a><br \/>\n\t\t\t\t\t\t\t<a data-e-gallery-tags=\"1\" href=\"https:\/\/www.eventturm.ch\/wp-content\/uploads\/2022\/07\/brauistoebli_sudhuusbar_06-1.jpg\" data-elementor-open-lightbox=\"yes\" data-elementor-lightbox-slideshow=\"all-cec91fc\" data-elementor-lightbox-title=\"brauistoebli_sudhuusbar_06\" e-action-hash=\"#elementor-action%3Aaction%3Dlightbox%26settings%3DeyJpZCI6NjY1LCJ1cmwiOiJodHRwczpcL1wvd3d3LmV2ZW50dHVybS5jaFwvd3AtY29udGVudFwvdXBsb2Fkc1wvMjAyMlwvMDdcL2JyYXVpc3RvZWJsaV9zdWRodXVzYmFyXzA2LTEuanBnIiwic2xpZGVzaG93IjoiYWxsLWNlYzkxZmMifQ%3D%3D\"><br \/>\n\t\t\t\t\t\t\t\t\t\t\t\t\t\t<\/a><br \/>\n\t\t\t\t\t\t\t<a data-e-gallery-tags=\"0\" href=\"https:\/\/www.eventturm.ch\/wp-content\/uploads\/2022\/07\/sudhuus_braui_hochdorf_06.jpg\" data-elementor-open-lightbox=\"yes\" data-elementor-lightbox-slideshow=\"all-cec91fc\" data-elementor-lightbox-title=\"sudhuus_braui_hochdorf_06\" e-action-hash=\"#elementor-action%3Aaction%3Dlightbox%26settings%3DeyJpZCI6NjI0LCJ1cmwiOiJodHRwczpcL1wvd3d3LmV2ZW50dHVybS5jaFwvd3AtY29udGVudFwvdXBsb2Fkc1wvMjAyMlwvMDdcL3N1ZGh1dXNfYnJhdWlfaG9jaGRvcmZfMDYuanBnIiwic2xpZGVzaG93IjoiYWxsLWNlYzkxZmMifQ%3D%3D\"><br \/>\n\t\t\t\t\t\t\t\t\t\t\t\t\t\t<\/a><br \/>\n\t\t\t\t\t\t\t<a data-e-gallery-tags=\"2\" href=\"https:\/\/www.eventturm.ch\/wp-content\/uploads\/2022\/07\/brauistoebli_sudhuusbar_03.jpg\" data-elementor-open-lightbox=\"yes\" data-elementor-lightbox-slideshow=\"all-cec91fc\" data-elementor-lightbox-title=\"brauistoebli_sudhuusbar_03\" e-action-hash=\"#elementor-action%3Aaction%3Dlightbox%26settings%3DeyJpZCI6NjM0LCJ1cmwiOiJodHRwczpcL1wvd3d3LmV2ZW50dHVybS5jaFwvd3AtY29udGVudFwvdXBsb2Fkc1wvMjAyMlwvMDdcL2JyYXVpc3RvZWJsaV9zdWRodXVzYmFyXzAzLmpwZyIsInNsaWRlc2hvdyI6ImFsbC1jZWM5MWZjIn0%3D\"><br \/>\n\t\t\t\t\t\t\t\t\t\t\t\t\t\t<\/a><br \/>\n\t\t\t\t\t\t\t<a data-e-gallery-tags=\"2\" href=\"https:\/\/www.eventturm.ch\/wp-content\/uploads\/2022\/07\/brauistoebli_sudhuusbar_11.jpg\" data-elementor-open-lightbox=\"yes\" data-elementor-lightbox-slideshow=\"all-cec91fc\" data-elementor-lightbox-title=\"brauistoebli_sudhuusbar_11\" e-action-hash=\"#elementor-action%3Aaction%3Dlightbox%26settings%3DeyJpZCI6NjQyLCJ1cmwiOiJodHRwczpcL1wvd3d3LmV2ZW50dHVybS5jaFwvd3AtY29udGVudFwvdXBsb2Fkc1wvMjAyMlwvMDdcL2JyYXVpc3RvZWJsaV9zdWRodXVzYmFyXzExLmpwZyIsInNsaWRlc2hvdyI6ImFsbC1jZWM5MWZjIn0%3D\"><br \/>\n\t\t\t\t\t\t\t\t\t\t\t\t\t\t<\/a><br \/>\n\t\t\t\t\t\t\t<a data-e-gallery-tags=\"1\" href=\"https:\/\/www.eventturm.ch\/wp-content\/uploads\/2022\/07\/brauistoebli_sudhuusbar_01-1.jpg\" data-elementor-open-lightbox=\"yes\" data-elementor-lightbox-slideshow=\"all-cec91fc\" data-elementor-lightbox-title=\"brauistoebli_sudhuusbar_01\" e-action-hash=\"#elementor-action%3Aaction%3Dlightbox%26settings%3DeyJpZCI6NjYwLCJ1cmwiOiJodHRwczpcL1wvd3d3LmV2ZW50dHVybS5jaFwvd3AtY29udGVudFwvdXBsb2Fkc1wvMjAyMlwvMDdcL2JyYXVpc3RvZWJsaV9zdWRodXVzYmFyXzAxLTEuanBnIiwic2xpZGVzaG93IjoiYWxsLWNlYzkxZmMifQ%3D%3D\"><br \/>\n\t\t\t\t\t\t\t\t\t\t\t\t\t\t<\/a><br \/>\n\t\t\t\t\t\t\t<a data-e-gallery-tags=\"1\" href=\"https:\/\/www.eventturm.ch\/wp-content\/uploads\/2022\/07\/brauistoebli_sudhuusbar_10-1.jpg\" data-elementor-open-lightbox=\"yes\" data-elementor-lightbox-slideshow=\"all-cec91fc\" data-elementor-lightbox-title=\"brauistoebli_sudhuusbar_10\" e-action-hash=\"#elementor-action%3Aaction%3Dlightbox%26settings%3DeyJpZCI6NjY5LCJ1cmwiOiJodHRwczpcL1wvd3d3LmV2ZW50dHVybS5jaFwvd3AtY29udGVudFwvdXBsb2Fkc1wvMjAyMlwvMDdcL2JyYXVpc3RvZWJsaV9zdWRodXVzYmFyXzEwLTEuanBnIiwic2xpZGVzaG93IjoiYWxsLWNlYzkxZmMifQ%3D%3D\"><br \/>\n\t\t\t\t\t\t\t\t\t\t\t\t\t\t<\/a><br \/>\n\t\t\t\t\t\t\t<a data-e-gallery-tags=\"1\" href=\"https:\/\/www.eventturm.ch\/wp-content\/uploads\/2022\/07\/brauistoebli_sudhuusbar_09-1.jpg\" data-elementor-open-lightbox=\"yes\" data-elementor-lightbox-slideshow=\"all-cec91fc\" data-elementor-lightbox-title=\"brauistoebli_sudhuusbar_09\" e-action-hash=\"#elementor-action%3Aaction%3Dlightbox%26settings%3DeyJpZCI6NjY4LCJ1cmwiOiJodHRwczpcL1wvd3d3LmV2ZW50dHVybS5jaFwvd3AtY29udGVudFwvdXBsb2Fkc1wvMjAyMlwvMDdcL2JyYXVpc3RvZWJsaV9zdWRodXVzYmFyXzA5LTEuanBnIiwic2xpZGVzaG93IjoiYWxsLWNlYzkxZmMifQ%3D%3D\"><br \/>\n\t\t\t\t\t\t\t\t\t\t\t\t\t\t<\/a><\/p>\n<h1>Raum buchen<\/h1>\n<p>Damit wir schnell und unkompliziert eine aussagekr\u00e4ftige Offerte zusammen\u00adstellen \u00adk\u00f6nnen, haben wir f\u00fcr dich eine Checkliste bereitgestellt. Je pr\u00e4ziser deine \u00adAngaben sind, desto detaillierter k\u00f6nnen wir dich beraten. Alle Angaben sind \u00adunverbindlich und bis zur definitiven Auftragserteilung freibleibend.<\/p>\n<p>\t\t\t\t\t\t\t\t\t\t\t\t\t\t\t\t<a href=\"https:\/\/www.eventturm.ch\/raum_buchen\/\"><br \/>\n\t\t\t\t\t\t\t<img width=\"308\" height=\"116\" src=\"https:\/\/www.eventturm.ch\/wp-content\/uploads\/2022\/04\/los_gehts.svg\" alt=\"\" loading=\"lazy\" \/>\t\t\t\t\t\t\t\t<\/a><\/p>\n","protected":false},"excerpt":{"rendered":"<p>3.OG Brauist\u00fcbli 2.OG Kleinkulturraum 1.OG Suudhus Eventturm ist eine Eventlocation, die im Brauturm der ehe\u00adma\u00adligen Brauerei Hochdorf daheim ist. \u00dcber ein\u00adhundert Jahre pr\u00e4gte der markante Turm das \u00adDorfbild. Noch heute ragt das Fragment im Herzen der \u00adSeetaler Kleinstadtidylle dem Himmel \u00adempor, jedoch in \u00adeiner anderen Funktion. Heute dient er haupts\u00e4chlich \u00adkulturellen Zwecken. Auf insgesamt vier Etagen sind drei Eventr\u00e4ume entstanden, die unterschied\u00adlicher nicht sein k\u00f6nnten. Kaum ein \u00adVeranstaltungs\u00adort ist mit dem Privatauto oder dem \u00f6ffentlichen \u00adVerkehr so gut zu erreichen wie der event turm. Dank den Autobahnanschl\u00fcssen in \u00adEmmen, \u00adGisikon, Buchrain und Sempach sowie der S-Bahn \u00adzwischen \u00adLuzern und Lenzburg\u2026<\/p>\n","protected":false},"author":1,"featured_media":0,"parent":0,"menu_order":100,"comment_status":"closed","ping_status":"open","template":"","meta":[],"blocksy_meta":{"styles_descriptor":{"styles":{"desktop":"","tablet":"","mobile":""},"google_fonts":[],"version":5}},"aioseo_notices":[],"_links":{"self":[{"href":"https:\/\/www.eventturm.ch\/index.php?rest_route=\/wp\/v2\/pages\/20"}],"collection":[{"href":"https:\/\/www.eventturm.ch\/index.php?rest_route=\/wp\/v2\/pages"}],"about":[{"href":"https:\/\/www.eventturm.ch\/index.php?rest_route=\/wp\/v2\/types\/page"}],"author":[{"embeddable":true,"href":"https:\/\/www.eventturm.ch\/index.php?rest_route=\/wp\/v2\/users\/1"}],"replies":[{"embeddable":true,"href":"https:\/\/www.eventturm.ch\/index.php?rest_route=%2Fwp%2Fv2%2Fcomments&post=20"}],"version-history":[{"count":74,"href":"https:\/\/www.eventturm.ch\/index.php?rest_route=\/wp\/v2\/pages\/20\/revisions"}],"predecessor-version":[{"id":993,"href":"https:\/\/www.eventturm.ch\/index.php?rest_route=\/wp\/v2\/pages\/20\/revisions\/993"}],"wp:attachment":[{"href":"https:\/\/www.eventturm.ch\/index.php?rest_route=%2Fwp%2Fv2%2Fmedia&parent=20"}],"curies":[{"name":"wp","href":"https:\/\/api.w.org\/{rel}","templated":true}]}}